{"id":19,"date":"2024-07-30T11:41:27","date_gmt":"2024-07-30T09:41:27","guid":{"rendered":"https:\/\/www.sinterleghe.it\/?page_id=19"},"modified":"2025-04-04T23:14:18","modified_gmt":"2025-04-04T21:14:18","slug":"ravitex","status":"publish","type":"page","link":"https:\/\/www.sinterleghe.it\/de\/ravitex\/","title":{"rendered":"Ravitex"},"content":{"rendered":"<div data-elementor-type=\"wp-page\" data-elementor-id=\"19\" class=\"elementor elementor-19\" data-elementor-post-type=\"page\">\n\t\t\t\t<div class=\"elementor-element elementor-element-fad7c25 e-flex e-con-boxed e-con e-parent\" data-id=\"fad7c25\" data-element_type=\"container\" data-e-type=\"container\" data-settings=\"{&quot;background_background&quot;:&quot;classic&quot;}\">\n\t\t\t\t\t<div class=\"e-con-inner\">\n\t\t\t\t<div class=\"elementor-element elementor-element-ec555d5 elementor-widget elementor-widget-breadcrumbs\" data-id=\"ec555d5\" data-element_type=\"widget\" data-e-type=\"widget\" data-widget_type=\"breadcrumbs.default\">\n\t\t\t\t<div class=\"elementor-widget-container\">\n\t\t\t\t\t<p id=\"breadcrumbs\"><span><span><a href=\"https:\/\/www.sinterleghe.it\/de\">Home<\/a><\/span><\/span><\/p>\t\t\t\t<\/div>\n\t\t\t\t<\/div>\n\t\t\t\t\t<\/div>\n\t\t\t\t<\/div>\n\t\t<div class=\"elementor-element elementor-element-2c027a9 e-flex e-con-boxed e-con e-parent\" data-id=\"2c027a9\" data-element_type=\"container\" data-e-type=\"container\">\n\t\t\t\t\t<div class=\"e-con-inner\">\n\t\t\t\t<div class=\"elementor-element elementor-element-996fcf8 elementor-widget__width-inherit elementor-widget elementor-widget-image\" data-id=\"996fcf8\" data-element_type=\"widget\" data-e-type=\"widget\" data-widget_type=\"image.default\">\n\t\t\t\t<div class=\"elementor-widget-container\">\n\t\t\t\t\t\t\t\t\t\t\t\t\t\t\t<img fetchpriority=\"high\" decoding=\"async\" width=\"832\" height=\"463\" src=\"https:\/\/www.sinterleghe.it\/wp-content\/uploads\/icons\/ravitex-hero.svg\" class=\"attachment-large size-large wp-image-81\" alt=\"Ikone\" \/>\t\t\t\t\t\t\t\t\t\t\t\t\t\t\t<\/div>\n\t\t\t\t<\/div>\n\t\t<div class=\"elementor-element elementor-element-c80d3be e-con-full e-flex e-con e-child\" data-id=\"c80d3be\" data-element_type=\"container\" data-e-type=\"container\">\n\t\t\t\t<div class=\"elementor-element elementor-element-bed2411 elementor-widget elementor-widget-text-editor\" data-id=\"bed2411\" data-element_type=\"widget\" data-e-type=\"widget\" data-widget_type=\"text-editor.default\">\n\t\t\t\t<div class=\"elementor-widget-container\">\n\t\t\t\t\t\t\t\t\t<h1>Your needs.<br \/>Our quality.<\/h1>\t\t\t\t\t\t\t\t<\/div>\n\t\t\t\t<\/div>\n\t\t\t\t<div class=\"elementor-element elementor-element-aa82ca3 elementor-widget elementor-widget-text-editor\" data-id=\"aa82ca3\" data-element_type=\"widget\" data-e-type=\"widget\" data-widget_type=\"text-editor.default\">\n\t\t\t\t<div class=\"elementor-widget-container\">\n\t\t\t\t\t\t\t\t\t<p>Die Marke Ravitex\u00ae ist das ausschlie\u00dfliche Eigentum von Sinterleghe und bescheinigt seit jeher die Qualit\u00e4t unserer Technologie und die Originalit\u00e4t unserer Produkte.\u00a0<\/p>\t\t\t\t\t\t\t\t<\/div>\n\t\t\t\t<\/div>\n\t\t\t\t<div class=\"elementor-element elementor-element-82e68c7 elementor-widget elementor-widget-image\" data-id=\"82e68c7\" data-element_type=\"widget\" data-e-type=\"widget\" data-widget_type=\"image.default\">\n\t\t\t\t<div class=\"elementor-widget-container\">\n\t\t\t\t\t\t\t\t\t\t\t\t\t\t\t\t<a href=\"#section-1\">\n\t\t\t\t\t\t\t<img decoding=\"async\" width=\"60\" height=\"60\" src=\"https:\/\/www.sinterleghe.it\/wp-content\/uploads\/icons\/arrow.svg\" class=\"attachment-thumbnail size-thumbnail wp-image-90\" alt=\"Ikone\" \/>\t\t\t\t\t\t\t\t<\/a>\n\t\t\t\t\t\t\t\t\t\t\t\t\t\t\t<\/div>\n\t\t\t\t<\/div>\n\t\t\t\t<\/div>\n\t\t\t\t\t<\/div>\n\t\t\t\t<\/div>\n\t\t<div class=\"elementor-element elementor-element-4d57a0c e-flex e-con-boxed e-con e-parent\" data-id=\"4d57a0c\" data-element_type=\"container\" data-e-type=\"container\" id=\"section-1\" data-settings=\"{&quot;background_background&quot;:&quot;classic&quot;}\">\n\t\t\t\t\t<div class=\"e-con-inner\">\n\t\t\t\t<div class=\"elementor-element elementor-element-83711ea elementor-widget__width-inherit elementor-widget elementor-widget-image\" data-id=\"83711ea\" data-element_type=\"widget\" data-e-type=\"widget\" data-widget_type=\"image.default\">\n\t\t\t\t<div class=\"elementor-widget-container\">\n\t\t\t\t\t\t\t\t\t\t\t\t\t\t\t<img decoding=\"async\" width=\"800\" height=\"600\" src=\"https:\/\/www.sinterleghe.it\/wp-content\/uploads\/images\/ravitex-image-1-1024x768.jpg\" class=\"attachment-large size-large wp-image-1987\" alt=\"Ravitex RX.2 Fr\u00e4ser bei der Arbeit\" srcset=\"\" sizes=\"(max-width: 800px) 100vw, 800px\" data-srcset=\"\" \/>\t\t\t\t\t\t\t\t\t\t\t\t\t\t\t<\/div>\n\t\t\t\t<\/div>\n\t\t<div class=\"elementor-element elementor-element-501a3f3 e-con-full e-flex e-con e-child\" data-id=\"501a3f3\" data-element_type=\"container\" data-e-type=\"container\">\n\t\t\t\t<div class=\"elementor-element elementor-element-c14dee2 elementor-widget elementor-widget-heading\" data-id=\"c14dee2\" data-element_type=\"widget\" data-e-type=\"widget\" data-widget_type=\"heading.default\">\n\t\t\t\t<div class=\"elementor-widget-container\">\n\t\t\t\t\t<h2 class=\"elementor-heading-title elementor-size-default\">Eine Spitzenposition auf internationaler Ebene<\/h2>\t\t\t\t<\/div>\n\t\t\t\t<\/div>\n\t\t\t\t<div class=\"elementor-element elementor-element-fa78c4d elementor-widget elementor-widget-text-editor\" data-id=\"fa78c4d\" data-element_type=\"widget\" data-e-type=\"widget\" data-widget_type=\"text-editor.default\">\n\t\t\t\t<div class=\"elementor-widget-container\">\n\t\t\t\t\t\t\t\t\t<p>Die Ravitex\u00ae-Technologie hat die Entwicklung innovativer Produkte erm\u00f6glicht, welche die Qualit\u00e4t gefr\u00e4ster Elektrodenkappen verbessern und die Effizienz und Produktivit\u00e4t der Schwei\u00dflinien verbessern k\u00f6nnen.<\/p><p>Die Steigerung der Produktionskapazit\u00e4t, der Qualit\u00e4t, der Sicherheit und des Respekts f\u00fcr die Umwelt unserer Produkte wurde durch die Implementierung schlanker Prozesse angestrebt und erreicht, die durch Schl\u00fcsseltechnologien der Industrie 4.0 unterst\u00fctzt werden.<\/p>\t\t\t\t\t\t\t\t<\/div>\n\t\t\t\t<\/div>\n\t\t\t\t<\/div>\n\t\t\t\t\t<\/div>\n\t\t\t\t<\/div>\n\t\t<div class=\"elementor-element elementor-element-8de006c e-flex e-con-boxed e-con e-parent\" data-id=\"8de006c\" data-element_type=\"container\" data-e-type=\"container\">\n\t\t\t\t\t<div class=\"e-con-inner\">\n\t\t\t\t<div class=\"elementor-element elementor-element-f6f5155 elementor-widget__width-inherit elementor-widget elementor-widget-image\" data-id=\"f6f5155\" data-element_type=\"widget\" data-e-type=\"widget\" data-widget_type=\"image.default\">\n\t\t\t\t<div class=\"elementor-widget-container\">\n\t\t\t\t\t\t\t\t\t\t\t\t\t\t\t<img loading=\"lazy\" decoding=\"async\" width=\"800\" height=\"566\" src=\"https:\/\/www.sinterleghe.it\/wp-content\/uploads\/images\/ravitex-image-2-1024x724.jpg\" class=\"attachment-large size-large wp-image-1988\" alt=\"Maschinen bei der Arbeit\" srcset=\"\" sizes=\"(max-width: 800px) 100vw, 800px\" data-srcset=\"\" \/>\t\t\t\t\t\t\t\t\t\t\t\t\t\t\t<\/div>\n\t\t\t\t<\/div>\n\t\t<div class=\"elementor-element elementor-element-b1b37d9 e-con-full e-flex e-con e-child\" data-id=\"b1b37d9\" data-element_type=\"container\" data-e-type=\"container\">\n\t\t\t\t<div class=\"elementor-element elementor-element-46613a0 elementor-widget elementor-widget-heading\" data-id=\"46613a0\" data-element_type=\"widget\" data-e-type=\"widget\" data-widget_type=\"heading.default\">\n\t\t\t\t<div class=\"elementor-widget-container\">\n\t\t\t\t\t<h2 class=\"elementor-heading-title elementor-size-default\">Leistungen, die auf Innovation und Prozessqualit\u00e4t basieren<\/h2>\t\t\t\t<\/div>\n\t\t\t\t<\/div>\n\t\t\t\t<div class=\"elementor-element elementor-element-ed37223 elementor-widget elementor-widget-text-editor\" data-id=\"ed37223\" data-element_type=\"widget\" data-e-type=\"widget\" data-widget_type=\"text-editor.default\">\n\t\t\t\t<div class=\"elementor-widget-container\">\n\t\t\t\t\t\t\t\t\t<p>Durch den Einsatz von Industrie 4.0-f\u00e4higen CNC-Maschinen, die durch vorausschauende Wartung unterst\u00fctzt werden, kann die Qualit\u00e4t der Produkte bei Klein- und Gro\u00dfserien konstant gehalten werden.<br \/><br \/>Der Einsatz von Robotern garantiert eine hohe Flexibilit\u00e4t der Produktionskapazit\u00e4t.<\/p>\t\t\t\t\t\t\t\t<\/div>\n\t\t\t\t<\/div>\n\t\t\t\t<\/div>\n\t\t\t\t\t<\/div>\n\t\t\t\t<\/div>\n\t\t<div class=\"elementor-element elementor-element-d2ed296 e-con-full e-flex e-con e-parent\" data-id=\"d2ed296\" data-element_type=\"container\" data-e-type=\"container\">\n\t\t\t\t<div class=\"elementor-element elementor-element-87518dc elementor-widget-divider--view-line elementor-widget elementor-widget-divider\" data-id=\"87518dc\" data-element_type=\"widget\" data-e-type=\"widget\" data-widget_type=\"divider.default\">\n\t\t\t\t<div class=\"elementor-widget-container\">\n\t\t\t\t\t\t\t<div class=\"elementor-divider\">\n\t\t\t<span class=\"elementor-divider-separator\">\n\t\t\t\t\t\t<\/span>\n\t\t<\/div>\n\t\t\t\t\t\t<\/div>\n\t\t\t\t<\/div>\n\t\t\t\t<\/div>\n\t\t<div class=\"elementor-element elementor-element-4e72525 e-flex e-con-boxed e-con e-parent\" data-id=\"4e72525\" data-element_type=\"container\" data-e-type=\"container\">\n\t\t\t\t\t<div class=\"e-con-inner\">\n\t\t\t\t<div class=\"elementor-element elementor-element-f230b98 elementor-widget elementor-widget-heading\" data-id=\"f230b98\" data-element_type=\"widget\" data-e-type=\"widget\" data-widget_type=\"heading.default\">\n\t\t\t\t<div class=\"elementor-widget-container\">\n\t\t\t\t\t<h2 class=\"elementor-heading-title elementor-size-default\">Unsere Produkte sind das Ergebnis von Investitionen, Innovation und Qualit\u00e4t<\/h2>\t\t\t\t<\/div>\n\t\t\t\t<\/div>\n\t\t\t\t<div class=\"elementor-element elementor-element-d705d05 elementor-widget elementor-widget-text-editor\" data-id=\"d705d05\" data-element_type=\"widget\" data-e-type=\"widget\" data-widget_type=\"text-editor.default\">\n\t\t\t\t<div class=\"elementor-widget-container\">\n\t\t\t\t\t\t\t\t\t<p>Mit der Ravitex\u00ae-Technologie erreichte Ziele:<\/p>\t\t\t\t\t\t\t\t<\/div>\n\t\t\t\t<\/div>\n\t\t<div class=\"elementor-element elementor-element-094f02f e-grid e-con-full e-con e-child\" data-id=\"094f02f\" data-element_type=\"container\" data-e-type=\"container\">\n\t\t<div class=\"elementor-element elementor-element-8f327ec e-con-full e-flex e-con e-child\" data-id=\"8f327ec\" data-element_type=\"container\" data-e-type=\"container\">\n\t\t\t\t<div class=\"elementor-element elementor-element-a50b828 elementor-widget elementor-widget-image\" data-id=\"a50b828\" data-element_type=\"widget\" data-e-type=\"widget\" data-widget_type=\"image.default\">\n\t\t\t\t<div class=\"elementor-widget-container\">\n\t\t\t\t\t\t\t\t\t\t\t\t\t\t\t<img loading=\"lazy\" decoding=\"async\" width=\"100\" height=\"100\" src=\"https:\/\/www.sinterleghe.it\/wp-content\/uploads\/icons\/quality.svg\" class=\"attachment-thumbnail size-thumbnail wp-image-79\" alt=\"Ikone\" \/>\t\t\t\t\t\t\t\t\t\t\t\t\t\t\t<\/div>\n\t\t\t\t<\/div>\n\t\t\t\t<div class=\"elementor-element elementor-element-5d5b525 elementor-widget elementor-widget-text-editor\" data-id=\"5d5b525\" data-element_type=\"widget\" data-e-type=\"widget\" data-widget_type=\"text-editor.default\">\n\t\t\t\t<div class=\"elementor-widget-container\">\n\t\t\t\t\t\t\t\t\t<p>Verbesserung der Fr\u00e4squalit\u00e4t<\/p>\t\t\t\t\t\t\t\t<\/div>\n\t\t\t\t<\/div>\n\t\t\t\t<\/div>\n\t\t<div class=\"elementor-element elementor-element-a3ee733 e-con-full e-flex e-con e-child\" data-id=\"a3ee733\" data-element_type=\"container\" data-e-type=\"container\">\n\t\t\t\t<div class=\"elementor-element elementor-element-c452a1b elementor-widget elementor-widget-image\" data-id=\"c452a1b\" data-element_type=\"widget\" data-e-type=\"widget\" data-widget_type=\"image.default\">\n\t\t\t\t<div class=\"elementor-widget-container\">\n\t\t\t\t\t\t\t\t\t\t\t\t\t\t\t<img loading=\"lazy\" decoding=\"async\" width=\"100\" height=\"100\" src=\"https:\/\/www.sinterleghe.it\/wp-content\/uploads\/icons\/improvement.svg\" class=\"attachment-thumbnail size-thumbnail wp-image-68\" alt=\"Ikone\" \/>\t\t\t\t\t\t\t\t\t\t\t\t\t\t\t<\/div>\n\t\t\t\t<\/div>\n\t\t\t\t<div class=\"elementor-element elementor-element-ea23511 elementor-widget elementor-widget-text-editor\" data-id=\"ea23511\" data-element_type=\"widget\" data-e-type=\"widget\" data-widget_type=\"text-editor.default\">\n\t\t\t\t<div class=\"elementor-widget-container\">\n\t\t\t\t\t\t\t\t\t<p><span style=\"white-space-collapse: preserve;\">Erh\u00f6hung des ROI (Return Of Investment)<\/span><\/p>\t\t\t\t\t\t\t\t<\/div>\n\t\t\t\t<\/div>\n\t\t\t\t<\/div>\n\t\t<div class=\"elementor-element elementor-element-8a9c8b8 e-con-full e-flex e-con e-child\" data-id=\"8a9c8b8\" data-element_type=\"container\" data-e-type=\"container\">\n\t\t\t\t<div class=\"elementor-element elementor-element-eaf8b58 elementor-widget elementor-widget-image\" data-id=\"eaf8b58\" data-element_type=\"widget\" data-e-type=\"widget\" data-widget_type=\"image.default\">\n\t\t\t\t<div class=\"elementor-widget-container\">\n\t\t\t\t\t\t\t\t\t\t\t\t\t\t\t<img loading=\"lazy\" decoding=\"async\" width=\"100\" height=\"100\" src=\"https:\/\/www.sinterleghe.it\/wp-content\/uploads\/icons\/plant.svg\" class=\"attachment-thumbnail size-thumbnail wp-image-76\" alt=\"Ikone\" \/>\t\t\t\t\t\t\t\t\t\t\t\t\t\t\t<\/div>\n\t\t\t\t<\/div>\n\t\t\t\t<div class=\"elementor-element elementor-element-7bb78e3 elementor-widget elementor-widget-text-editor\" data-id=\"7bb78e3\" data-element_type=\"widget\" data-e-type=\"widget\" data-widget_type=\"text-editor.default\">\n\t\t\t\t<div class=\"elementor-widget-container\">\n\t\t\t\t\t\t\t\t\t<p><span style=\"white-space-collapse: preserve;\">Erh\u00f6hte Produktivit\u00e4t bei BIW-Prozessen (Body In White)<\/span><\/p>\t\t\t\t\t\t\t\t<\/div>\n\t\t\t\t<\/div>\n\t\t\t\t<\/div>\n\t\t<div class=\"elementor-element elementor-element-c1888b5 e-con-full e-flex e-con e-child\" data-id=\"c1888b5\" data-element_type=\"container\" data-e-type=\"container\">\n\t\t\t\t<div class=\"elementor-element elementor-element-f3c3ae4 elementor-widget elementor-widget-image\" data-id=\"f3c3ae4\" data-element_type=\"widget\" data-e-type=\"widget\" data-widget_type=\"image.default\">\n\t\t\t\t<div class=\"elementor-widget-container\">\n\t\t\t\t\t\t\t\t\t\t\t\t\t\t\t<img loading=\"lazy\" decoding=\"async\" width=\"100\" height=\"100\" src=\"https:\/\/www.sinterleghe.it\/wp-content\/uploads\/icons\/environment.svg\" class=\"attachment-thumbnail size-thumbnail wp-image-95\" alt=\"Ikone\" \/>\t\t\t\t\t\t\t\t\t\t\t\t\t\t\t<\/div>\n\t\t\t\t<\/div>\n\t\t\t\t<div class=\"elementor-element elementor-element-4bb836f elementor-widget elementor-widget-text-editor\" data-id=\"4bb836f\" data-element_type=\"widget\" data-e-type=\"widget\" data-widget_type=\"text-editor.default\">\n\t\t\t\t<div class=\"elementor-widget-container\">\n\t\t\t\t\t\t\t\t\t<p><span style=\"white-space-collapse: preserve;\">Reduzierung der CO2-Emissionen und des Stromverbrauchs<\/span><\/p>\t\t\t\t\t\t\t\t<\/div>\n\t\t\t\t<\/div>\n\t\t\t\t<\/div>\n\t\t\t\t<\/div>\n\t\t\t\t\t<\/div>\n\t\t\t\t<\/div>\n\t\t<div class=\"elementor-element elementor-element-2561070 e-flex e-con-boxed e-con e-parent\" data-id=\"2561070\" data-element_type=\"container\" data-e-type=\"container\" data-settings=\"{&quot;background_background&quot;:&quot;classic&quot;}\">\n\t\t\t\t\t<div class=\"e-con-inner\">\n\t\t\t\t<div class=\"elementor-element elementor-element-776f1dd elementor-widget elementor-widget-image\" data-id=\"776f1dd\" data-element_type=\"widget\" data-e-type=\"widget\" data-widget_type=\"image.default\">\n\t\t\t\t<div class=\"elementor-widget-container\">\n\t\t\t\t\t\t\t\t\t\t\t\t\t\t\t<img loading=\"lazy\" decoding=\"async\" width=\"800\" height=\"800\" src=\"https:\/\/www.sinterleghe.it\/wp-content\/uploads\/images\/cutters-1024x1024.png\" class=\"attachment-large size-large wp-image-1990\" alt=\"Typen von Ravitex Dreiklinge-Fr\u00e4sern\" srcset=\"\" sizes=\"(max-width: 800px) 100vw, 800px\" data-srcset=\"\" \/>\t\t\t\t\t\t\t\t\t\t\t\t\t\t\t<\/div>\n\t\t\t\t<\/div>\n\t\t<div class=\"elementor-element elementor-element-237d740 e-con-full e-flex e-con e-child\" data-id=\"237d740\" data-element_type=\"container\" data-e-type=\"container\">\n\t\t\t\t<div class=\"elementor-element elementor-element-043fb5a elementor-widget elementor-widget-text-editor\" data-id=\"043fb5a\" data-element_type=\"widget\" data-e-type=\"widget\" data-widget_type=\"text-editor.default\">\n\t\t\t\t<div class=\"elementor-widget-container\">\n\t\t\t\t\t\t\t\t\t<p>Fr\u00e4smesser aus Hartmetall, die in Elektrodenkappenfr\u00e4sern jeder Marke f\u00fcr die Fr\u00e4sung der Elektrodenkappen montiert werden k\u00f6nnen<\/p>\t\t\t\t\t\t\t\t<\/div>\n\t\t\t\t<\/div>\n\t\t\t\t<\/div>\n\t\t\t\t\t<\/div>\n\t\t\t\t<\/div>\n\t\t\t\t<\/div>","protected":false},"excerpt":{"rendered":"<p>Your needs.Our quality. Il\u00a0marchio Ravitex\u00ae\u00a0\u00e8 di propriet\u00e0 esclusiva di Sinterleghe, da sempre certifica la qualit\u00e0 della nostra tecnologia e l\u2019originalit\u00e0 dei nostri prodotti.\u00a0 Una posizione di primo piano a\u00a0livello internazionale La tecnologia Ravitex\u00ae ha consentito lo sviluppo di prodotti innovativi, in grado di migliorare la qualit\u00e0 degli elettrodi ravvivati migliorando l\u2019efficienza e la produttivit\u00e0 delle [&hellip;]<\/p>\n","protected":false},"author":1,"featured_media":81,"parent":0,"menu_order":0,"comment_status":"closed","ping_status":"closed","template":"","meta":{"_acf_changed":false,"footnotes":""},"class_list":["post-19","page","type-page","status-publish","has-post-thumbnail","hentry"],"acf":[],"yoast_head":"<!-- This site is optimized with the Yoast SEO plugin v27.3 - https:\/\/yoast.com\/product\/yoast-seo-wordpress\/ -->\n<title>Ravitex | Sinterleghe - Satisfy your needs. Inspire our quality.<\/title>\n<meta name=\"description\" content=\"Sinterleghe progetta, realizza e vende ravvivatori, cambio elettrodi e frese in metallo duro, certificate con tecnologia Ravitex\u00ae.\" \/>\n<meta name=\"robots\" content=\"index, follow, max-snippet:-1, max-image-preview:large, max-video-preview:-1\" \/>\n<link rel=\"canonical\" href=\"https:\/\/www.sinterleghe.it\/de\/ravitex\/\" \/>\n<meta property=\"og:locale\" content=\"de_DE\" \/>\n<meta property=\"og:type\" content=\"article\" \/>\n<meta property=\"og:title\" content=\"Ravitex | Sinterleghe - Satisfy your needs. Inspire our quality.\" \/>\n<meta property=\"og:description\" content=\"Sinterleghe progetta, realizza e vende ravvivatori, cambio elettrodi e frese in metallo duro, certificate con tecnologia Ravitex\u00ae.\" \/>\n<meta property=\"og:url\" content=\"https:\/\/www.sinterleghe.it\/de\/ravitex\/\" \/>\n<meta property=\"og:site_name\" content=\"Sinterleghe\" \/>\n<meta property=\"article:modified_time\" content=\"2025-04-04T21:14:18+00:00\" \/>\n<meta name=\"twitter:card\" content=\"summary_large_image\" \/>\n<meta name=\"twitter:label1\" content=\"Gesch\u00e4tzte Lesezeit\" \/>\n\t<meta name=\"twitter:data1\" content=\"3\u00a0Minuten\" \/>\n<script type=\"application\/ld+json\" class=\"yoast-schema-graph\">{\"@context\":\"https:\\\/\\\/schema.org\",\"@graph\":[{\"@type\":\"WebPage\",\"@id\":\"https:\\\/\\\/www.sinterleghe.it\\\/ravitex\\\/\",\"url\":\"https:\\\/\\\/www.sinterleghe.it\\\/ravitex\\\/\",\"name\":\"Ravitex | Sinterleghe - Satisfy your needs. Inspire our quality.\",\"isPartOf\":{\"@id\":\"https:\\\/\\\/www.sinterleghe.it\\\/#website\"},\"primaryImageOfPage\":{\"@id\":\"https:\\\/\\\/www.sinterleghe.it\\\/ravitex\\\/#primaryimage\"},\"image\":{\"@id\":\"https:\\\/\\\/www.sinterleghe.it\\\/ravitex\\\/#primaryimage\"},\"thumbnailUrl\":\"https:\\\/\\\/www.sinterleghe.it\\\/wp-content\\\/uploads\\\/icons\\\/ravitex-hero.svg\",\"datePublished\":\"2024-07-30T09:41:27+00:00\",\"dateModified\":\"2025-04-04T21:14:18+00:00\",\"description\":\"Sinterleghe progetta, realizza e vende ravvivatori, cambio elettrodi e frese in metallo duro, certificate con tecnologia Ravitex\u00ae.\",\"breadcrumb\":{\"@id\":\"https:\\\/\\\/www.sinterleghe.it\\\/ravitex\\\/#breadcrumb\"},\"inLanguage\":\"de\",\"potentialAction\":[{\"@type\":\"ReadAction\",\"target\":[\"https:\\\/\\\/www.sinterleghe.it\\\/ravitex\\\/\"]}]},{\"@type\":\"ImageObject\",\"inLanguage\":\"de\",\"@id\":\"https:\\\/\\\/www.sinterleghe.it\\\/ravitex\\\/#primaryimage\",\"url\":\"https:\\\/\\\/www.sinterleghe.it\\\/wp-content\\\/uploads\\\/icons\\\/ravitex-hero.svg\",\"contentUrl\":\"https:\\\/\\\/www.sinterleghe.it\\\/wp-content\\\/uploads\\\/icons\\\/ravitex-hero.svg\",\"caption\":\"Icona\"},{\"@type\":\"BreadcrumbList\",\"@id\":\"https:\\\/\\\/www.sinterleghe.it\\\/ravitex\\\/#breadcrumb\",\"itemListElement\":[{\"@type\":\"ListItem\",\"position\":1,\"name\":\"Home\",\"item\":\"https:\\\/\\\/www.sinterleghe.it\\\/\"},{\"@type\":\"ListItem\",\"position\":2,\"name\":\"Ravitex\"}]},{\"@type\":\"WebSite\",\"@id\":\"https:\\\/\\\/www.sinterleghe.it\\\/#website\",\"url\":\"https:\\\/\\\/www.sinterleghe.it\\\/\",\"name\":\"Sinterleghe\",\"description\":\"Satisfy your needs. Inspire our quality.\",\"publisher\":{\"@id\":\"https:\\\/\\\/www.sinterleghe.it\\\/#organization\"},\"alternateName\":\"Ravitex\",\"potentialAction\":[{\"@type\":\"SearchAction\",\"target\":{\"@type\":\"EntryPoint\",\"urlTemplate\":\"https:\\\/\\\/www.sinterleghe.it\\\/?s={search_term_string}\"},\"query-input\":{\"@type\":\"PropertyValueSpecification\",\"valueRequired\":true,\"valueName\":\"search_term_string\"}}],\"inLanguage\":\"de\"},{\"@type\":\"Organization\",\"@id\":\"https:\\\/\\\/www.sinterleghe.it\\\/#organization\",\"name\":\"Sinterleghe S.r.l.\",\"url\":\"https:\\\/\\\/www.sinterleghe.it\\\/\",\"logo\":{\"@type\":\"ImageObject\",\"inLanguage\":\"de\",\"@id\":\"https:\\\/\\\/www.sinterleghe.it\\\/#\\\/schema\\\/logo\\\/image\\\/\",\"url\":\"https:\\\/\\\/www.sinterleghe.it\\\/wp-content\\\/uploads\\\/images\\\/logo-black.png\",\"contentUrl\":\"https:\\\/\\\/www.sinterleghe.it\\\/wp-content\\\/uploads\\\/images\\\/logo-black.png\",\"width\":560,\"height\":160,\"caption\":\"Sinterleghe S.r.l.\"},\"image\":{\"@id\":\"https:\\\/\\\/www.sinterleghe.it\\\/#\\\/schema\\\/logo\\\/image\\\/\"},\"sameAs\":[\"https:\\\/\\\/it.linkedin.com\\\/company\\\/sinterleghe-s-r-l\"]}]}<\/script>\n<!-- \/ Yoast SEO plugin. -->","yoast_head_json":{"title":"Ravitex | Sinterleghe - Satisfy your needs. Inspire our quality.","description":"Sinterleghe entwickelt, produziert und vertreibt Elektrodenkappenfr\u00e4ser \/-wechsler und Fr\u00e4smesser aus Hartmetall, die mit Ravitex\u00ae-Technologie zertifiziert werden.","robots":{"index":"index","follow":"follow","max-snippet":"max-snippet:-1","max-image-preview":"max-image-preview:large","max-video-preview":"max-video-preview:-1"},"canonical":"https:\/\/www.sinterleghe.it\/de\/ravitex\/","og_locale":"de_DE","og_type":"article","og_title":"Ravitex | Sinterleghe - Satisfy your needs. Inspire our quality.","og_description":"Sinterleghe progetta, realizza e vende ravvivatori, cambio elettrodi e frese in metallo duro, certificate con tecnologia Ravitex\u00ae.","og_url":"https:\/\/www.sinterleghe.it\/de\/ravitex\/","og_site_name":"Sinterleghe","article_modified_time":"2025-04-04T21:14:18+00:00","twitter_card":"summary_large_image","twitter_misc":{"Gesch\u00e4tzte Lesezeit":"3\u00a0Minuten"},"schema":{"@context":"https:\/\/schema.org","@graph":[{"@type":"WebPage","@id":"https:\/\/www.sinterleghe.it\/ravitex\/","url":"https:\/\/www.sinterleghe.it\/ravitex\/","name":"Ravitex | Sinterleghe - Satisfy your needs. Inspire our quality.","isPartOf":{"@id":"https:\/\/www.sinterleghe.it\/#website"},"primaryImageOfPage":{"@id":"https:\/\/www.sinterleghe.it\/ravitex\/#primaryimage"},"image":{"@id":"https:\/\/www.sinterleghe.it\/ravitex\/#primaryimage"},"thumbnailUrl":"https:\/\/www.sinterleghe.it\/wp-content\/uploads\/icons\/ravitex-hero.svg","datePublished":"2024-07-30T09:41:27+00:00","dateModified":"2025-04-04T21:14:18+00:00","description":"Sinterleghe entwickelt, produziert und vertreibt Elektrodenkappenfr\u00e4ser \/-wechsler und Fr\u00e4smesser aus Hartmetall, die mit Ravitex\u00ae-Technologie zertifiziert werden.","breadcrumb":{"@id":"https:\/\/www.sinterleghe.it\/ravitex\/#breadcrumb"},"inLanguage":"de","potentialAction":[{"@type":"ReadAction","target":["https:\/\/www.sinterleghe.it\/ravitex\/"]}]},{"@type":"ImageObject","inLanguage":"de","@id":"https:\/\/www.sinterleghe.it\/ravitex\/#primaryimage","url":"https:\/\/www.sinterleghe.it\/wp-content\/uploads\/icons\/ravitex-hero.svg","contentUrl":"https:\/\/www.sinterleghe.it\/wp-content\/uploads\/icons\/ravitex-hero.svg","caption":"Icona"},{"@type":"BreadcrumbList","@id":"https:\/\/www.sinterleghe.it\/ravitex\/#breadcrumb","itemListElement":[{"@type":"ListItem","position":1,"name":"Home","item":"https:\/\/www.sinterleghe.it\/"},{"@type":"ListItem","position":2,"name":"Ravitex"}]},{"@type":"WebSite","@id":"https:\/\/www.sinterleghe.it\/#website","url":"https:\/\/www.sinterleghe.it\/","name":"Sinterleghe","description":"Satisfy your needs. Inspire our quality.","publisher":{"@id":"https:\/\/www.sinterleghe.it\/#organization"},"alternateName":"Ravitex","potentialAction":[{"@type":"SearchAction","target":{"@type":"EntryPoint","urlTemplate":"https:\/\/www.sinterleghe.it\/?s={search_term_string}"},"query-input":{"@type":"PropertyValueSpecification","valueRequired":true,"valueName":"search_term_string"}}],"inLanguage":"de"},{"@type":"Organization","@id":"https:\/\/www.sinterleghe.it\/#organization","name":"Sinterleghe S.r.l.","url":"https:\/\/www.sinterleghe.it\/","logo":{"@type":"ImageObject","inLanguage":"de","@id":"https:\/\/www.sinterleghe.it\/#\/schema\/logo\/image\/","url":"https:\/\/www.sinterleghe.it\/wp-content\/uploads\/images\/logo-black.png","contentUrl":"https:\/\/www.sinterleghe.it\/wp-content\/uploads\/images\/logo-black.png","width":560,"height":160,"caption":"Sinterleghe S.r.l."},"image":{"@id":"https:\/\/www.sinterleghe.it\/#\/schema\/logo\/image\/"},"sameAs":["https:\/\/it.linkedin.com\/company\/sinterleghe-s-r-l"]}]}},"_links":{"self":[{"href":"https:\/\/www.sinterleghe.it\/de\/wp-json\/wp\/v2\/pages\/19","targetHints":{"allow":["GET"]}}],"collection":[{"href":"https:\/\/www.sinterleghe.it\/de\/wp-json\/wp\/v2\/pages"}],"about":[{"href":"https:\/\/www.sinterleghe.it\/de\/wp-json\/wp\/v2\/types\/page"}],"author":[{"embeddable":true,"href":"https:\/\/www.sinterleghe.it\/de\/wp-json\/wp\/v2\/users\/1"}],"replies":[{"embeddable":true,"href":"https:\/\/www.sinterleghe.it\/de\/wp-json\/wp\/v2\/comments?post=19"}],"version-history":[{"count":5,"href":"https:\/\/www.sinterleghe.it\/de\/wp-json\/wp\/v2\/pages\/19\/revisions"}],"predecessor-version":[{"id":2682,"href":"https:\/\/www.sinterleghe.it\/de\/wp-json\/wp\/v2\/pages\/19\/revisions\/2682"}],"wp:featuredmedia":[{"embeddable":true,"href":"https:\/\/www.sinterleghe.it\/de\/wp-json\/wp\/v2\/media\/81"}],"wp:attachment":[{"href":"https:\/\/www.sinterleghe.it\/de\/wp-json\/wp\/v2\/media?parent=19"}],"curies":[{"name":"wp","href":"https:\/\/api.w.org\/{rel}","templated":true}]}}