{"id":232,"date":"2024-07-30T16:26:31","date_gmt":"2024-07-30T14:26:31","guid":{"rendered":"https:\/\/www.sinterleghe.it\/?page_id=232"},"modified":"2024-09-12T09:44:44","modified_gmt":"2024-09-12T07:44:44","slug":"privacy-policy","status":"publish","type":"page","link":"https:\/\/www.sinterleghe.it\/de\/privacy-policy\/","title":{"rendered":"Privacy Policy"},"content":{"rendered":"<div data-elementor-type=\"wp-page\" data-elementor-id=\"232\" class=\"elementor elementor-232\" data-elementor-post-type=\"page\">\n\t\t\t\t<div class=\"elementor-element elementor-element-4d77eb4 e-flex e-con-boxed e-con e-parent\" data-id=\"4d77eb4\" data-element_type=\"container\" data-e-type=\"container\">\n\t\t\t\t\t<div class=\"e-con-inner\">\n\t\t\t\t<div class=\"elementor-element elementor-element-5af88a0 elementor-widget elementor-widget-heading\" data-id=\"5af88a0\" data-element_type=\"widget\" data-e-type=\"widget\" data-widget_type=\"heading.default\">\n\t\t\t\t<div class=\"elementor-widget-container\">\n\t\t\t\t\t<h1 class=\"elementor-heading-title elementor-size-default\">Informationen zur Verarbeitung personenbezogener Daten<\/h1>\t\t\t\t<\/div>\n\t\t\t\t<\/div>\n\t\t\t\t<div class=\"elementor-element elementor-element-db3ffe4 elementor-widget elementor-widget-text-editor\" data-id=\"db3ffe4\" data-element_type=\"widget\" data-e-type=\"widget\" data-widget_type=\"text-editor.default\">\n\t\t\t\t<div class=\"elementor-widget-container\">\n\t\t\t\t\t\t\t\t\t<p>ART. 13 und 14 REG. EU 2016\/679<\/p>\t\t\t\t\t\t\t\t<\/div>\n\t\t\t\t<\/div>\n\t\t\t\t<div class=\"elementor-element elementor-element-371a4c4 elementor-widget elementor-widget-text-editor\" data-id=\"371a4c4\" data-element_type=\"widget\" data-e-type=\"widget\" data-widget_type=\"text-editor.default\">\n\t\t\t\t<div class=\"elementor-widget-container\">\n\t\t\t\t\t\t\t\t\t<p><strong>ACHTUNG:\u00a0<\/strong>Diese Regelung wurde in italienischer Sprache verfasst. Sofern eine \u00fcbersetzte Fassung mit der italienischen Fassung in Konflikt steht, ist die italienische Fassung die korrekte.<\/p>\t\t\t\t\t\t\t\t<\/div>\n\t\t\t\t<\/div>\n\t\t\t\t<div class=\"elementor-element elementor-element-c45df75 elementor-widget elementor-widget-text-editor\" data-id=\"c45df75\" data-element_type=\"widget\" data-e-type=\"widget\" data-widget_type=\"text-editor.default\">\n\t\t\t\t<div class=\"elementor-widget-container\">\n\t\t\t\t\t\t\t\t\t<p>Sehr geehrte Damen und Herren \/ Sehr geehrte Damen,<\/p><p>f\u00fcr die in der EU-Verordnung n. 2016\/679 zum Schutz nat\u00fcrlicher Personen bei der Verarbeitung personenbezogener Daten vorgesehenen Zwecke, informiere ich Sie, dass die von Ihnen bereitgestellten und von \"Sinterleghe S.r.l.\" erfassten personenbezogenen Daten verarbeitet werden, werden unter Beachtung der in der vorstehenden Verordnung vorgesehenen Vorschriften und unter Ber\u00fccksichtigung der daraus resultierenden Rechte und Pflichten verarbeitet. Aus diesem Grund wird folgendes pr\u00e4zisiert:<\/p>\t\t\t\t\t\t\t\t<\/div>\n\t\t\t\t<\/div>\n\t\t\t\t<div class=\"elementor-element elementor-element-8313bf0 elementor-widget elementor-widget-heading\" data-id=\"8313bf0\" data-element_type=\"widget\" data-e-type=\"widget\" data-widget_type=\"heading.default\">\n\t\t\t\t<div class=\"elementor-widget-container\">\n\t\t\t\t\t<h2 class=\"elementor-heading-title elementor-size-default\">Verantwortliche<\/h2>\t\t\t\t<\/div>\n\t\t\t\t<\/div>\n\t\t\t\t<div class=\"elementor-element elementor-element-8b59bfa elementor-widget elementor-widget-text-editor\" data-id=\"8b59bfa\" data-element_type=\"widget\" data-e-type=\"widget\" data-widget_type=\"text-editor.default\">\n\t\t\t\t<div class=\"elementor-widget-container\">\n\t\t\t\t\t\t\t\t\t<p>Der Inhaber der Verarbeitung ist \"Sinterleghe S.r.l.\" - in der Person von Mr. Eugenio Tedeschi, mit Sitz in Corso Einaudi, 18 - 10139 Torino.<\/p>\t\t\t\t\t\t\t\t<\/div>\n\t\t\t\t<\/div>\n\t\t\t\t<div class=\"elementor-element elementor-element-dc76df2 elementor-widget elementor-widget-heading\" data-id=\"dc76df2\" data-element_type=\"widget\" data-e-type=\"widget\" data-widget_type=\"heading.default\">\n\t\t\t\t<div class=\"elementor-widget-container\">\n\t\t\t\t\t<h2 class=\"elementor-heading-title elementor-size-default\">Zwecke der Verarbeitung<\/h2>\t\t\t\t<\/div>\n\t\t\t\t<\/div>\n\t\t\t\t<div class=\"elementor-element elementor-element-40a5a64 elementor-widget elementor-widget-text-editor\" data-id=\"40a5a64\" data-element_type=\"widget\" data-e-type=\"widget\" data-widget_type=\"text-editor.default\">\n\t\t\t\t<div class=\"elementor-widget-container\">\n\t\t\t\t\t\t\t\t\t<p>Die Verarbeitung dient ausschlie\u00dflich der Verwaltung, Steuer-, Verwaltungs- und Buchhaltung sowie der rechtm\u00e4\u00dfigen Durchf\u00fchrung der von Ihnen angeforderten Vorg\u00e4nge.<\/p>\t\t\t\t\t\t\t\t<\/div>\n\t\t\t\t<\/div>\n\t\t\t\t<div class=\"elementor-element elementor-element-1178ed6 elementor-widget elementor-widget-heading\" data-id=\"1178ed6\" data-element_type=\"widget\" data-e-type=\"widget\" data-widget_type=\"heading.default\">\n\t\t\t\t<div class=\"elementor-widget-container\">\n\t\t\t\t\t<h2 class=\"elementor-heading-title elementor-size-default\">Empf\u00e4nger der personenbezogenen Daten<\/h2>\t\t\t\t<\/div>\n\t\t\t\t<\/div>\n\t\t\t\t<div class=\"elementor-element elementor-element-7c8e843 elementor-widget elementor-widget-text-editor\" data-id=\"7c8e843\" data-element_type=\"widget\" data-e-type=\"widget\" data-widget_type=\"text-editor.default\">\n\t\t\t\t<div class=\"elementor-widget-container\">\n\t\t\t\t\t\t\t\t\t<p>Die personenbezogenen Daten d\u00fcrfen ausschlie\u00dflich von den f\u00fcr die Verarbeitung Verantwortlichen zur Kenntnis gebracht werden und k\u00f6nnen im Allgemeinen an alle Personen weitergegeben werden, denen die Weitergabe f\u00fcr den oben genannten Zweck erforderlich ist, mit der Klarstellung, dass personenbezogene Daten nicht verbreitet werden d\u00fcrfen.<\/p>\t\t\t\t\t\t\t\t<\/div>\n\t\t\t\t<\/div>\n\t\t\t\t<div class=\"elementor-element elementor-element-93d6160 elementor-widget elementor-widget-heading\" data-id=\"93d6160\" data-element_type=\"widget\" data-e-type=\"widget\" data-widget_type=\"heading.default\">\n\t\t\t\t<div class=\"elementor-widget-container\">\n\t\t\t\t\t<h2 class=\"elementor-heading-title elementor-size-default\">Art und Weise der Verarbeitung personenbezogener Daten<\/h2>\t\t\t\t<\/div>\n\t\t\t\t<\/div>\n\t\t\t\t<div class=\"elementor-element elementor-element-ab48f1e elementor-widget elementor-widget-text-editor\" data-id=\"ab48f1e\" data-element_type=\"widget\" data-e-type=\"widget\" data-widget_type=\"text-editor.default\">\n\t\t\t\t<div class=\"elementor-widget-container\">\n\t\t\t\t\t\t\t\t\t<p>Die Verarbeitung erfolgt durch Operationen, mit oder ohne Hilfe von elektronischen Instrumenten und besteht in der Sammlung, Registrierung, Organisation, Speicherung, Abfrage, Bearbeitung, \u00c4nderung, Auswahl, Extraktion, Vergleich, Zusammenschaltung, Sperrung, L\u00f6schung und Vernichtung der Daten. Die Verarbeitung wird vom Inhaber und von den ausdr\u00fccklich vom Inhaber erm\u00e4chtigten Beauftragten durchgef\u00fchrt.<\/p>\t\t\t\t\t\t\t\t<\/div>\n\t\t\t\t<\/div>\n\t\t\t\t<div class=\"elementor-element elementor-element-04f5e8e elementor-widget elementor-widget-heading\" data-id=\"04f5e8e\" data-element_type=\"widget\" data-e-type=\"widget\" data-widget_type=\"heading.default\">\n\t\t\t\t<div class=\"elementor-widget-container\">\n\t\t\t\t\t<h2 class=\"elementor-heading-title elementor-size-default\">Vorratsdatenspeicherung<\/h2>\t\t\t\t<\/div>\n\t\t\t\t<\/div>\n\t\t\t\t<div class=\"elementor-element elementor-element-1b1e916 elementor-widget elementor-widget-text-editor\" data-id=\"1b1e916\" data-element_type=\"widget\" data-e-type=\"widget\" data-widget_type=\"text-editor.default\">\n\t\t\t\t<div class=\"elementor-widget-container\">\n\t\t\t\t\t\t\t\t\t<p>Die Daten werden f\u00fcr den Zeitraum aufbewahrt, der zur Durchf\u00fchrung der T\u00e4tigkeit erforderlich ist und in jedem Fall nicht \u00fcber die gesetzlichen Verpflichtungen in Bezug auf das von Ihnen angeforderte hinausgeht.<\/p>\t\t\t\t\t\t\t\t<\/div>\n\t\t\t\t<\/div>\n\t\t\t\t<div class=\"elementor-element elementor-element-e45b383 elementor-widget elementor-widget-heading\" data-id=\"e45b383\" data-element_type=\"widget\" data-e-type=\"widget\" data-widget_type=\"heading.default\">\n\t\t\t\t<div class=\"elementor-widget-container\">\n\t\t\t\t\t<h2 class=\"elementor-heading-title elementor-size-default\">Rechte der betroffenen Person<\/h2>\t\t\t\t<\/div>\n\t\t\t\t<\/div>\n\t\t\t\t<div class=\"elementor-element elementor-element-265960d elementor-widget elementor-widget-text-editor\" data-id=\"265960d\" data-element_type=\"widget\" data-e-type=\"widget\" data-widget_type=\"text-editor.default\">\n\t\t\t\t<div class=\"elementor-widget-container\">\n\t\t\t\t\t\t\t\t\t<p>Die betroffene Person hat Anspruch auf:<\/p><ul><li>den Verantwortlichen um Zugang zu ihren personenbezogenen Daten, Berichtigung, L\u00f6schung, Einschr\u00e4nkung und Widerspruch gegen die Daten\u00fcbertragbarkeit zu bitten;<\/li><li>die Einwilligung zur Verarbeitung jederzeit zu widerrufen, unbeschadet der bis zum Zeitpunkt des Widerrufs erfolgten Datenverarbeitung;<\/li><li>Beschwerde bei der Datenschutzbeh\u00f6rde einzulegen. Die Aus\u00fcbung der vorstehenden Rechte kann durch schriftliche Mitteilung an folgende E-Mail-Adresse erfolgen: garante@gpdp.it; PEC :  protocollo@pec.gpdp.it oder per Einschreiben a\/r an die Adresse Piazza di Monte Citorio n. 121, IT-00186, Roma;<\/li><li>Sie wissen, ob die Bereitstellung personenbezogener Daten eine gesetzliche oder vertragliche Verpflichtung oder eine notwendige Voraussetzung f\u00fcr den Abschluss eines Vertrags ist und ob Sie verpflichtet sind, personenbezogene Daten bereitzustellen. In diesen F\u00e4llen muss sich die betroffene Person \u00fcber die m\u00f6glichen Folgen im Klaren sein, wenn sie ihre personenbezogenen Daten nicht zur Verf\u00fcgung stellt.<\/li><li>die Quelle der personenbezogenen Daten zu kennen, sofern die personenbezogenen Daten nicht von der betroffenen Person stammen.<\/li><\/ul><p><br \/>Die Aus\u00fcbung der oben genannten Rechte kann durch schriftliche Mitteilung an PEC an privacy@sinterleghe.it oder per Einschreiben an\/r Sinterleghe S.r.l. Via alla Sega 10,  28877 Anzola d'Ossola (VB) ausge\u00fcbt werden.<\/p>\t\t\t\t\t\t\t\t<\/div>\n\t\t\t\t<\/div>\n\t\t\t\t<div class=\"elementor-element elementor-element-a24db03 elementor-widget elementor-widget-heading\" data-id=\"a24db03\" data-element_type=\"widget\" data-e-type=\"widget\" data-widget_type=\"heading.default\">\n\t\t\t\t<div class=\"elementor-widget-container\">\n\t\t\t\t\t<h2 class=\"elementor-heading-title elementor-size-default\">Verletzung der personenbezogenen Daten der betroffenen Person<\/h2>\t\t\t\t<\/div>\n\t\t\t\t<\/div>\n\t\t\t\t<div class=\"elementor-element elementor-element-c07e5f3 elementor-widget elementor-widget-text-editor\" data-id=\"c07e5f3\" data-element_type=\"widget\" data-e-type=\"widget\" data-widget_type=\"text-editor.default\">\n\t\t\t\t<div class=\"elementor-widget-container\">\n\t\t\t\t\t\t\t\t\t<p>Im Falle einer Verletzung der personenbezogenen Daten der betroffenen Person, die ein hohes Risiko f\u00fcr die Rechte und Freiheiten nat\u00fcrlicher Personen darstellt, hat der Verantwortliche, sofern er nicht alle geeigneten technischen und organisatorischen Schutzma\u00dfnahmen getroffen hat, teilt der betroffenen Person den Versto\u00df unverz\u00fcglich mit und gibt die Art des Versto\u00dfes an.<\/p>\t\t\t\t\t\t\t\t<\/div>\n\t\t\t\t<\/div>\n\t\t\t\t\t<\/div>\n\t\t\t\t<\/div>\n\t\t\t\t<\/div>","protected":false},"excerpt":{"rendered":"<p>Informativa trattamento dei dati personali ART. 13 e 14 REG. UE 2016\/679 ATTENZIONE:\u00a0Questa normativa \u00e8 stata scritta in italiano. Nella misura in cui una versione tradotta \u00e8 in conflitto con la versione italiana, la versione italiana \u00e8 quella corretta. Egregio Signore \/ Gentile Signora, ai fini previsti dal Regolamento Ue n. 2016\/679 relativo alla protezione [&hellip;]<\/p>\n","protected":false},"author":1,"featured_media":81,"parent":0,"menu_order":0,"comment_status":"closed","ping_status":"closed","template":"","meta":{"_acf_changed":false,"footnotes":""},"class_list":["post-232","page","type-page","status-publish","has-post-thumbnail","hentry"],"acf":[],"yoast_head":"<!-- This site is optimized with the Yoast SEO plugin v27.4 - https:\/\/yoast.com\/product\/yoast-seo-wordpress\/ -->\n<title>Privacy Policy | Sinterleghe - Satisfy your needs. Inspire our quality.<\/title>\n<meta name=\"description\" content=\"Egregio Signore \/ Gentile Signora, ai fini previsti dal Regolamento Ue n. 2016\/679 relativo alla protezione delle persone fisiche con...\" \/>\n<meta name=\"robots\" content=\"noindex, nofollow\" \/>\n<meta property=\"og:locale\" content=\"de_DE\" \/>\n<meta property=\"og:type\" content=\"article\" \/>\n<meta property=\"og:title\" content=\"Privacy Policy | Sinterleghe - Satisfy your needs. Inspire our quality.\" \/>\n<meta property=\"og:description\" content=\"Egregio Signore \/ Gentile Signora, ai fini previsti dal Regolamento Ue n. 2016\/679 relativo alla protezione delle persone fisiche con...\" \/>\n<meta property=\"og:url\" content=\"https:\/\/www.sinterleghe.it\/de\/privacy-policy\/\" \/>\n<meta property=\"og:site_name\" content=\"Sinterleghe\" \/>\n<meta property=\"article:modified_time\" content=\"2024-09-12T07:44:44+00:00\" \/>\n<meta name=\"twitter:card\" content=\"summary_large_image\" \/>\n<meta name=\"twitter:label1\" content=\"Gesch\u00e4tzte Lesezeit\" \/>\n\t<meta name=\"twitter:data1\" content=\"4\u00a0Minuten\" \/>\n<script type=\"application\/ld+json\" class=\"yoast-schema-graph\">{\"@context\":\"https:\\\/\\\/schema.org\",\"@graph\":[{\"@type\":\"WebPage\",\"@id\":\"https:\\\/\\\/www.sinterleghe.it\\\/privacy-policy\\\/\",\"url\":\"https:\\\/\\\/www.sinterleghe.it\\\/privacy-policy\\\/\",\"name\":\"Privacy Policy | Sinterleghe - Satisfy your needs. Inspire our quality.\",\"isPartOf\":{\"@id\":\"https:\\\/\\\/www.sinterleghe.it\\\/#website\"},\"primaryImageOfPage\":{\"@id\":\"https:\\\/\\\/www.sinterleghe.it\\\/privacy-policy\\\/#primaryimage\"},\"image\":{\"@id\":\"https:\\\/\\\/www.sinterleghe.it\\\/privacy-policy\\\/#primaryimage\"},\"thumbnailUrl\":\"https:\\\/\\\/www.sinterleghe.it\\\/wp-content\\\/uploads\\\/icons\\\/ravitex-hero.svg\",\"datePublished\":\"2024-07-30T14:26:31+00:00\",\"dateModified\":\"2024-09-12T07:44:44+00:00\",\"description\":\"Egregio Signore \\\/ Gentile Signora, ai fini previsti dal Regolamento Ue n. 2016\\\/679 relativo alla protezione delle persone fisiche con...\",\"breadcrumb\":{\"@id\":\"https:\\\/\\\/www.sinterleghe.it\\\/privacy-policy\\\/#breadcrumb\"},\"inLanguage\":\"de\",\"potentialAction\":[{\"@type\":\"ReadAction\",\"target\":[\"https:\\\/\\\/www.sinterleghe.it\\\/privacy-policy\\\/\"]}]},{\"@type\":\"ImageObject\",\"inLanguage\":\"de\",\"@id\":\"https:\\\/\\\/www.sinterleghe.it\\\/privacy-policy\\\/#primaryimage\",\"url\":\"https:\\\/\\\/www.sinterleghe.it\\\/wp-content\\\/uploads\\\/icons\\\/ravitex-hero.svg\",\"contentUrl\":\"https:\\\/\\\/www.sinterleghe.it\\\/wp-content\\\/uploads\\\/icons\\\/ravitex-hero.svg\",\"caption\":\"Icona\"},{\"@type\":\"BreadcrumbList\",\"@id\":\"https:\\\/\\\/www.sinterleghe.it\\\/privacy-policy\\\/#breadcrumb\",\"itemListElement\":[{\"@type\":\"ListItem\",\"position\":1,\"name\":\"Home\",\"item\":\"https:\\\/\\\/www.sinterleghe.it\\\/\"},{\"@type\":\"ListItem\",\"position\":2,\"name\":\"Privacy Policy\"}]},{\"@type\":\"WebSite\",\"@id\":\"https:\\\/\\\/www.sinterleghe.it\\\/#website\",\"url\":\"https:\\\/\\\/www.sinterleghe.it\\\/\",\"name\":\"Sinterleghe\",\"description\":\"Satisfy your needs. Inspire our quality.\",\"publisher\":{\"@id\":\"https:\\\/\\\/www.sinterleghe.it\\\/#organization\"},\"alternateName\":\"Ravitex\",\"potentialAction\":[{\"@type\":\"SearchAction\",\"target\":{\"@type\":\"EntryPoint\",\"urlTemplate\":\"https:\\\/\\\/www.sinterleghe.it\\\/?s={search_term_string}\"},\"query-input\":{\"@type\":\"PropertyValueSpecification\",\"valueRequired\":true,\"valueName\":\"search_term_string\"}}],\"inLanguage\":\"de\"},{\"@type\":\"Organization\",\"@id\":\"https:\\\/\\\/www.sinterleghe.it\\\/#organization\",\"name\":\"Sinterleghe S.r.l.\",\"url\":\"https:\\\/\\\/www.sinterleghe.it\\\/\",\"logo\":{\"@type\":\"ImageObject\",\"inLanguage\":\"de\",\"@id\":\"https:\\\/\\\/www.sinterleghe.it\\\/#\\\/schema\\\/logo\\\/image\\\/\",\"url\":\"https:\\\/\\\/www.sinterleghe.it\\\/wp-content\\\/uploads\\\/images\\\/logo-black.png\",\"contentUrl\":\"https:\\\/\\\/www.sinterleghe.it\\\/wp-content\\\/uploads\\\/images\\\/logo-black.png\",\"width\":560,\"height\":160,\"caption\":\"Sinterleghe S.r.l.\"},\"image\":{\"@id\":\"https:\\\/\\\/www.sinterleghe.it\\\/#\\\/schema\\\/logo\\\/image\\\/\"},\"sameAs\":[\"https:\\\/\\\/it.linkedin.com\\\/company\\\/sinterleghe-s-r-l\"]}]}<\/script>\n<!-- \/ Yoast SEO plugin. -->","yoast_head_json":{"title":"Privacy Policy | Sinterleghe - Satisfy your needs. Inspire our quality.","description":"Sehr geehrte Damen und Herren \/ Sehr geehrte Damen, f\u00fcr die in der EU-Verordnung n. 2016\/679 zum Schutz nat\u00fcrlicher Personen bei der...","robots":{"index":"noindex","follow":"nofollow"},"og_locale":"de_DE","og_type":"article","og_title":"Privacy Policy | Sinterleghe - Satisfy your needs. Inspire our quality.","og_description":"Egregio Signore \/ Gentile Signora, ai fini previsti dal Regolamento Ue n. 2016\/679 relativo alla protezione delle persone fisiche con...","og_url":"https:\/\/www.sinterleghe.it\/de\/privacy-policy\/","og_site_name":"Sinterleghe","article_modified_time":"2024-09-12T07:44:44+00:00","twitter_card":"summary_large_image","twitter_misc":{"Gesch\u00e4tzte Lesezeit":"4\u00a0Minuten"},"schema":{"@context":"https:\/\/schema.org","@graph":[{"@type":"WebPage","@id":"https:\/\/www.sinterleghe.it\/privacy-policy\/","url":"https:\/\/www.sinterleghe.it\/privacy-policy\/","name":"Privacy Policy | Sinterleghe - Satisfy your needs. Inspire our quality.","isPartOf":{"@id":"https:\/\/www.sinterleghe.it\/#website"},"primaryImageOfPage":{"@id":"https:\/\/www.sinterleghe.it\/privacy-policy\/#primaryimage"},"image":{"@id":"https:\/\/www.sinterleghe.it\/privacy-policy\/#primaryimage"},"thumbnailUrl":"https:\/\/www.sinterleghe.it\/wp-content\/uploads\/icons\/ravitex-hero.svg","datePublished":"2024-07-30T14:26:31+00:00","dateModified":"2024-09-12T07:44:44+00:00","description":"Sehr geehrte Damen und Herren \/ Sehr geehrte Damen, f\u00fcr die in der EU-Verordnung n. 2016\/679 zum Schutz nat\u00fcrlicher Personen bei der...","breadcrumb":{"@id":"https:\/\/www.sinterleghe.it\/privacy-policy\/#breadcrumb"},"inLanguage":"de","potentialAction":[{"@type":"ReadAction","target":["https:\/\/www.sinterleghe.it\/privacy-policy\/"]}]},{"@type":"ImageObject","inLanguage":"de","@id":"https:\/\/www.sinterleghe.it\/privacy-policy\/#primaryimage","url":"https:\/\/www.sinterleghe.it\/wp-content\/uploads\/icons\/ravitex-hero.svg","contentUrl":"https:\/\/www.sinterleghe.it\/wp-content\/uploads\/icons\/ravitex-hero.svg","caption":"Icona"},{"@type":"BreadcrumbList","@id":"https:\/\/www.sinterleghe.it\/privacy-policy\/#breadcrumb","itemListElement":[{"@type":"ListItem","position":1,"name":"Home","item":"https:\/\/www.sinterleghe.it\/"},{"@type":"ListItem","position":2,"name":"Privacy Policy"}]},{"@type":"WebSite","@id":"https:\/\/www.sinterleghe.it\/#website","url":"https:\/\/www.sinterleghe.it\/","name":"Sinterleghe","description":"Satisfy your needs. Inspire our quality.","publisher":{"@id":"https:\/\/www.sinterleghe.it\/#organization"},"alternateName":"Ravitex","potentialAction":[{"@type":"SearchAction","target":{"@type":"EntryPoint","urlTemplate":"https:\/\/www.sinterleghe.it\/?s={search_term_string}"},"query-input":{"@type":"PropertyValueSpecification","valueRequired":true,"valueName":"search_term_string"}}],"inLanguage":"de"},{"@type":"Organization","@id":"https:\/\/www.sinterleghe.it\/#organization","name":"Sinterleghe S.r.l.","url":"https:\/\/www.sinterleghe.it\/","logo":{"@type":"ImageObject","inLanguage":"de","@id":"https:\/\/www.sinterleghe.it\/#\/schema\/logo\/image\/","url":"https:\/\/www.sinterleghe.it\/wp-content\/uploads\/images\/logo-black.png","contentUrl":"https:\/\/www.sinterleghe.it\/wp-content\/uploads\/images\/logo-black.png","width":560,"height":160,"caption":"Sinterleghe S.r.l."},"image":{"@id":"https:\/\/www.sinterleghe.it\/#\/schema\/logo\/image\/"},"sameAs":["https:\/\/it.linkedin.com\/company\/sinterleghe-s-r-l"]}]}},"_links":{"self":[{"href":"https:\/\/www.sinterleghe.it\/de\/wp-json\/wp\/v2\/pages\/232","targetHints":{"allow":["GET"]}}],"collection":[{"href":"https:\/\/www.sinterleghe.it\/de\/wp-json\/wp\/v2\/pages"}],"about":[{"href":"https:\/\/www.sinterleghe.it\/de\/wp-json\/wp\/v2\/types\/page"}],"author":[{"embeddable":true,"href":"https:\/\/www.sinterleghe.it\/de\/wp-json\/wp\/v2\/users\/1"}],"replies":[{"embeddable":true,"href":"https:\/\/www.sinterleghe.it\/de\/wp-json\/wp\/v2\/comments?post=232"}],"version-history":[{"count":1,"href":"https:\/\/www.sinterleghe.it\/de\/wp-json\/wp\/v2\/pages\/232\/revisions"}],"predecessor-version":[{"id":1851,"href":"https:\/\/www.sinterleghe.it\/de\/wp-json\/wp\/v2\/pages\/232\/revisions\/1851"}],"wp:featuredmedia":[{"embeddable":true,"href":"https:\/\/www.sinterleghe.it\/de\/wp-json\/wp\/v2\/media\/81"}],"wp:attachment":[{"href":"https:\/\/www.sinterleghe.it\/de\/wp-json\/wp\/v2\/media?parent=232"}],"curies":[{"name":"wp","href":"https:\/\/api.w.org\/{rel}","templated":true}]}}